{"id":1634,"date":"2022-03-22T14:58:53","date_gmt":"2022-03-22T12:58:53","guid":{"rendered":"https:\/\/faderi.be\/?page_id=1634"},"modified":"2022-03-22T15:30:19","modified_gmt":"2022-03-22T13:30:19","slug":"cookie-policy","status":"publish","type":"page","link":"https:\/\/faderi.be\/fr\/cookie-policy\/","title":{"rendered":"Cookie policy"},"content":{"rendered":"\t\t<div data-elementor-type=\"wp-page\" data-elementor-id=\"1634\" class=\"elementor elementor-1634 elementor-1633\" data-elementor-post-type=\"page\">\n\t\t\t\t\t\t<section class=\"elementor-section elementor-top-section elementor-element elementor-element-2e4f97fa elementor-section-full_width elementor-section-height-min-height elementor-section-items-stretch elementor-section-height-default\" data-id=\"2e4f97fa\" data-element_type=\"section\" data-settings=\"{&quot;jet_parallax_layout_list&quot;:[{&quot;jet_parallax_layout_image&quot;:{&quot;url&quot;:&quot;&quot;,&quot;id&quot;:&quot;&quot;,&quot;size&quot;:&quot;&quot;},&quot;_id&quot;:&quot;b779d70&quot;,&quot;jet_parallax_layout_speed&quot;:{&quot;unit&quot;:&quot;%&quot;,&quot;size&quot;:&quot;50&quot;,&quot;sizes&quot;:[]},&quot;jet_parallax_layout_bg_x&quot;:&quot;50&quot;,&quot;jet_parallax_layout_bg_y&quot;:&quot;50&quot;,&quot;jet_parallax_layout_image_tablet&quot;:{&quot;url&quot;:&quot;&quot;,&quot;id&quot;:&quot;&quot;,&quot;size&quot;:&quot;&quot;},&quot;jet_parallax_layout_image_mobile&quot;:{&quot;url&quot;:&quot;&quot;,&quot;id&quot;:&quot;&quot;,&quot;size&quot;:&quot;&quot;},&quot;jet_parallax_layout_type&quot;:&quot;scroll&quot;,&quot;jet_parallax_layout_direction&quot;:null,&quot;jet_parallax_layout_fx_direction&quot;:null,&quot;jet_parallax_layout_z_index&quot;:&quot;&quot;,&quot;jet_parallax_layout_bg_x_tablet&quot;:&quot;&quot;,&quot;jet_parallax_layout_bg_x_mobile&quot;:&quot;&quot;,&quot;jet_parallax_layout_bg_y_tablet&quot;:&quot;&quot;,&quot;jet_parallax_layout_bg_y_mobile&quot;:&quot;&quot;,&quot;jet_parallax_layout_bg_size&quot;:&quot;auto&quot;,&quot;jet_parallax_layout_bg_size_tablet&quot;:&quot;&quot;,&quot;jet_parallax_layout_bg_size_mobile&quot;:&quot;&quot;,&quot;jet_parallax_layout_animation_prop&quot;:&quot;transform&quot;,&quot;jet_parallax_layout_on&quot;:[&quot;desktop&quot;,&quot;tablet&quot;]}]}\">\n\t\t\t\t\t\t<div class=\"elementor-container elementor-column-gap-default\">\n\t\t\t\t\t<div class=\"elementor-column elementor-col-50 elementor-top-column elementor-element elementor-element-72d68fa6\" data-id=\"72d68fa6\" data-element_type=\"column\" data-settings=\"{&quot;background_background&quot;:&quot;classic&quot;}\">\n\t\t\t<div class=\"elementor-widget-wrap\">\n\t\t\t\t\t\t\t<\/div>\n\t\t<\/div>\n\t\t\t\t<div class=\"elementor-column elementor-col-50 elementor-top-column elementor-element elementor-element-766b52ec elementor-hidden-mobile\" data-id=\"766b52ec\" data-element_type=\"column\" data-settings=\"{&quot;background_background&quot;:&quot;classic&quot;}\">\n\t\t\t<div class=\"elementor-widget-wrap\">\n\t\t\t\t\t\t\t<\/div>\n\t\t<\/div>\n\t\t\t\t\t<\/div>\n\t\t<\/section>\n\t\t\t\t<section class=\"elementor-section elementor-top-section elementor-element elementor-element-52ed8991 elementor-section-full_width elementor-section-height-min-height elementor-section-items-stretch elementor-section-height-default\" data-id=\"52ed8991\" data-element_type=\"section\" data-settings=\"{&quot;jet_parallax_layout_list&quot;:[{&quot;jet_parallax_layout_image&quot;:{&quot;url&quot;:&quot;&quot;,&quot;id&quot;:&quot;&quot;,&quot;size&quot;:&quot;&quot;},&quot;_id&quot;:&quot;f0ee698&quot;,&quot;jet_parallax_layout_speed&quot;:{&quot;unit&quot;:&quot;%&quot;,&quot;size&quot;:&quot;50&quot;,&quot;sizes&quot;:[]},&quot;jet_parallax_layout_bg_x&quot;:&quot;50&quot;,&quot;jet_parallax_layout_bg_y&quot;:&quot;50&quot;,&quot;jet_parallax_layout_image_tablet&quot;:{&quot;url&quot;:&quot;&quot;,&quot;id&quot;:&quot;&quot;,&quot;size&quot;:&quot;&quot;},&quot;jet_parallax_layout_image_mobile&quot;:{&quot;url&quot;:&quot;&quot;,&quot;id&quot;:&quot;&quot;,&quot;size&quot;:&quot;&quot;},&quot;jet_parallax_layout_type&quot;:&quot;scroll&quot;,&quot;jet_parallax_layout_direction&quot;:null,&quot;jet_parallax_layout_fx_direction&quot;:null,&quot;jet_parallax_layout_z_index&quot;:&quot;&quot;,&quot;jet_parallax_layout_bg_x_tablet&quot;:&quot;&quot;,&quot;jet_parallax_layout_bg_x_mobile&quot;:&quot;&quot;,&quot;jet_parallax_layout_bg_y_tablet&quot;:&quot;&quot;,&quot;jet_parallax_layout_bg_y_mobile&quot;:&quot;&quot;,&quot;jet_parallax_layout_bg_size&quot;:&quot;auto&quot;,&quot;jet_parallax_layout_bg_size_tablet&quot;:&quot;&quot;,&quot;jet_parallax_layout_bg_size_mobile&quot;:&quot;&quot;,&quot;jet_parallax_layout_animation_prop&quot;:&quot;transform&quot;,&quot;jet_parallax_layout_on&quot;:[&quot;desktop&quot;,&quot;tablet&quot;]}]}\">\n\t\t\t\t\t\t<div class=\"elementor-container elementor-column-gap-default\">\n\t\t\t\t\t<div class=\"elementor-column elementor-col-100 elementor-top-column elementor-element elementor-element-261efb1e\" data-id=\"261efb1e\" data-element_type=\"column\" data-settings=\"{&quot;background_background&quot;:&quot;classic&quot;}\">\n\t\t\t<div class=\"elementor-widget-wrap elementor-element-populated\">\n\t\t\t\t\t<div class=\"elementor-background-overlay\"><\/div>\n\t\t\t\t\t\t<div class=\"elementor-element elementor-element-7c51ffba elementor-widget elementor-widget-image\" data-id=\"7c51ffba\" data-element_type=\"widget\" data-widget_type=\"image.default\">\n\t\t\t\t<div class=\"elementor-widget-container\">\n\t\t\t<style>\/*! elementor - v3.20.0 - 26-03-2024 *\/\n.elementor-widget-image{text-align:center}.elementor-widget-image a{display:inline-block}.elementor-widget-image a img[src$=\".svg\"]{width:48px}.elementor-widget-image img{vertical-align:middle;display:inline-block}<\/style>\t\t\t\t\t\t\t\t\t\t<img decoding=\"async\" width=\"218\" height=\"218\" src=\"https:\/\/faderi.be\/wp-content\/uploads\/2022\/02\/favi-faderi.png\" class=\"attachment-large size-large wp-image-569\" alt=\"\" srcset=\"https:\/\/faderi.be\/wp-content\/uploads\/2022\/02\/favi-faderi.png 218w, https:\/\/faderi.be\/wp-content\/uploads\/2022\/02\/favi-faderi-150x150.png 150w\" sizes=\"(max-width: 218px) 100vw, 218px\" \/>\t\t\t\t\t\t\t\t\t\t\t\t\t<\/div>\n\t\t\t\t<\/div>\n\t\t\t\t<div class=\"elementor-element elementor-element-12180ed3 elementor-align-center elementor-widget elementor-widget-raven-heading\" data-id=\"12180ed3\" data-element_type=\"widget\" data-widget_type=\"raven-heading.default\">\n\t\t\t\t<div class=\"elementor-widget-container\">\n\t\t\t\t\t<div class=\"raven-widget-wrapper\"><h1 class=\"raven-heading raven-heading-h1\"><span class=\"raven-heading-title \">Cookie policy<\/span><\/h1><\/div>\n\t\t\t\t<\/div>\n\t\t\t\t<\/div>\n\t\t\t\t\t<\/div>\n\t\t<\/div>\n\t\t\t\t\t<\/div>\n\t\t<\/section>\n\t\t\t\t<section class=\"elementor-section elementor-top-section elementor-element elementor-element-3181d339 elementor-reverse-mobile elementor-section-boxed elementor-section-height-default elementor-section-height-default\" data-id=\"3181d339\" data-element_type=\"section\" data-settings=\"{&quot;jet_parallax_layout_list&quot;:[]}\">\n\t\t\t\t\t\t<div class=\"elementor-container elementor-column-gap-default\">\n\t\t\t\t\t<div class=\"elementor-column elementor-col-100 elementor-top-column elementor-element elementor-element-3c560ff5\" data-id=\"3c560ff5\" data-element_type=\"column\">\n\t\t\t<div class=\"elementor-widget-wrap elementor-element-populated\">\n\t\t\t\t\t\t<div class=\"elementor-element elementor-element-3e29f4ec elementor-widget elementor-widget-text-editor\" data-id=\"3e29f4ec\" data-element_type=\"widget\" data-widget_type=\"text-editor.default\">\n\t\t\t\t<div class=\"elementor-widget-container\">\n\t\t\t<style>\/*! elementor - v3.20.0 - 26-03-2024 *\/\n.elementor-widget-text-editor.elementor-drop-cap-view-stacked .elementor-drop-cap{background-color:#69727d;color:#fff}.elementor-widget-text-editor.elementor-drop-cap-view-framed .elementor-drop-cap{color:#69727d;border:3px solid;background-color:transparent}.elementor-widget-text-editor:not(.elementor-drop-cap-view-default) .elementor-drop-cap{margin-top:8px}.elementor-widget-text-editor:not(.elementor-drop-cap-view-default) .elementor-drop-cap-letter{width:1em;height:1em}.elementor-widget-text-editor .elementor-drop-cap{float:left;text-align:center;line-height:1;font-size:50px}.elementor-widget-text-editor .elementor-drop-cap-letter{display:inline-block}<\/style>\t\t\t\t<p><em>Derni\u00e8re mise \u00e0 jour le 22\/03\/2022.<\/em><\/p><h2>1.\u00a0\u00a0\u00a0\u00a0 Bienvenue<\/h2><p>Nous sommes Faderi, une NV, \u00e9tablie \u00e0 Brusselsesteenweg 489 B,\u00a0 9090 Melle, avec num\u00e9ro d\u2019entreprise BE0465216156.<\/p><p>Dans la pr\u00e9sente Politique en mati\u00e8re de cookies, nous vous expliquons quelles informations nous pouvons collecter via notre site Internet gr\u00e2ce aux cookies et comment nous les utilisons pour am\u00e9liorer nos services.<\/p><p>En utilisant notre site Internet, vous acceptez notre usage des cookies.<\/p><p>Cette Politique en mati\u00e8re de cookies fait partie int\u00e9grante de nos <u>Conditions g\u00e9n\u00e9rales<\/u>.<\/p><h2>2.\u00a0\u00a0\u00a0\u00a0 Cookies<\/h2><p>Un <em>cookie<\/em> est un petit fichier install\u00e9 temporairement par une page Internet sur votre ordinateur ou appareil mobile quand vous visitez un site Internet. Un cookie nous permet d\u2019identifier l\u2019appareil avec lequel vous visitez notre site sans que cela nous donne acc\u00e8s \u00e0 vos donn\u00e9es personnelles.<\/p><p>Les cookies sont faciles \u00e0 supprimer via les r\u00e9glages de votre navigateur. Vous pouvez param\u00e9trer votre navigateur de mani\u00e8re \u00e0 ce qu\u2019il refuse syst\u00e9matiquement les cookies. Cependant, cela peut g\u00eaner l\u2019utilisation de notre site Internet ou emp\u00eacher l\u2019acc\u00e8s \u00e0 certaines fonctionnalit\u00e9s.<\/p><h2>Types de cookies<\/h2><h3>2.1.\u00a0 COOKIES Fonctionnels<\/h3><p>Les cookies techniques peuvent servir \u00e0 garantir le bon fonctionnement de notre site Internet. Ils pr\u00e9sentent l\u2019avantage que vous ne deviez pas toujours saisir ou charger les m\u00eames informations ou r\u00e9glages \u00e0 chacune de vos visites sur notre site Internet\u00a0:<\/p><ul><li><strong>Crispchat<\/strong>. Ce cookie est supprim\u00e9 apr\u00e8s un d\u00e9lai de 1 an. <u>(https:\/\/crisp.chat\/en\/privacy\/)<\/u><\/li><li><strong>Cloudflare<\/strong>. Ce cookie est supprim\u00e9 apr\u00e8s un d\u00e9lai de 1 an. <u>(https:\/\/www.cloudflare.com\/privacypolicy\/)<\/u><\/li><li><strong>Twitter<\/strong>. Ce cookie est supprim\u00e9 apr\u00e8s la session. (https:\/\/twitter.com\/en\/privacy)<\/li><li><strong>Hotjar<\/strong>. Tracking (<a href=\"https:\/\/www.hotjar.com\/privacy\">https:\/\/www.hotjar.com\/privacy<\/a>)<\/li><\/ul><p>\u00a0<\/p><h3>2.2.\u00a0 COOKIES D\u2019Analyse<\/h3><p>Gr\u00e2ce \u00e0 ces cookies, nous pouvons proc\u00e9der \u00e0 une analyse g\u00e9n\u00e9rale de l\u2019utilisation de notre site Internet. Sur la base de statistiques anonymes, nous obtenons ainsi une id\u00e9e de la mani\u00e8re dont sont visit\u00e9es nos pages Internet, \u00e0 quelle fr\u00e9quence et pendant combien de temps. Cela nous permet d\u2019am\u00e9liorer et d\u2019optimiser notre site sur la base de ces informations\u00a0:<\/p><ul><li><strong>Google Analytics<\/strong>. Ce cookie est supprim\u00e9 apr\u00e8s la session. (<a href=\"https:\/\/policies.google.com\/privacy\">https:\/\/policies.google.com\/privacy<\/a>)<\/li><li><strong>Bing<\/strong>. (<a href=\"https:\/\/privacy.microsoft.com\/nl-nl\/privacystatement\">https:\/\/privacy.microsoft.com\/nl-nl\/privacystatement<\/a>)<\/li><li>Ce cookie est supprim\u00e9 apr\u00e8s la session. <u>(https:\/\/policies.google.com\/privacy)<\/u><\/li><\/ul><h3>2.3.\u00a0 Marketing<\/h3><p>Gr\u00e2ce \u00e0 ces cookies, nous pouvons montrer aux personnes int\u00e9ress\u00e9es des publicit\u00e9s cibl\u00e9es \u00e0 des fins de marketing\u00a0:<\/p><ul><li><strong>Facebook<\/strong>. Ce cookie est supprim\u00e9 apr\u00e8s un d\u00e9lai de 3 mois. (<a href=\"https:\/\/www.facebook.com\/policy.php\">https:\/\/www.facebook.com\/policy.php<\/a>)<\/li><li><strong>LinkedIn<\/strong>. <u>(https:\/\/www.linkedin.com\/legal\/privacy-policy)<\/u><\/li><li><strong>Google Analytics<\/strong> Ce cookie est supprim\u00e9 apr\u00e8s la session. <u>(https:\/\/policies.google.com\/privacy)<\/u><\/li><li><strong>Userengage<\/strong>. Ce cookie est supprim\u00e9 apr\u00e8s la session. (<a href=\"https:\/\/userengage.com\/nl\/privacy-policy\/\">https:\/\/userengage.com\/nl\/privacy-policy\/<\/a>)<\/li><li>(<a href=\"https:\/\/privacy.microsoft.com\/nl-nl\/privacystatement\">https:\/\/privacy.microsoft.com\/nl-nl\/privacystatement<\/a>)<\/li><\/ul><h3>2.4.\u00a0 R\u00e9seaux sociaux<\/h3><p>Ces cookies nous permettent d\u2019int\u00e9grer dans notre site Internet des applications de sites de r\u00e9seaux sociaux. Ces derniers peuvent ainsi collecter des donn\u00e9es\u00a0:<\/p><ul><li>Ce cookie est supprim\u00e9 apr\u00e8s un d\u00e9lai de 3 mois. (<a href=\"https:\/\/www.facebook.com\/policy.php\">https:\/\/www.facebook.com\/policy.php<\/a>)<\/li><li>Ce cookie est supprim\u00e9 apr\u00e8s la session. (<a href=\"https:\/\/twitter.com\/en\/privacy\">https:\/\/twitter.com\/en\/privacy<\/a>)<\/li><li>(https:\/\/www.linkedin.com\/legal\/privacy-policy)<\/li><\/ul><p>\u00a0<\/p>\t\t\t\t\t\t<\/div>\n\t\t\t\t<\/div>\n\t\t\t\t\t<\/div>\n\t\t<\/div>\n\t\t\t\t\t<\/div>\n\t\t<\/section>\n\t\t\t\t<\/div>\n\t\t","protected":false},"excerpt":{"rendered":"<p>Cookie policy Derni\u00e8re mise \u00e0 jour le 22\/03\/2022. 1.\u00a0\u00a0\u00a0\u00a0 Bienvenue Nous sommes Faderi, une NV, \u00e9tablie \u00e0 Brusselsesteenweg 489 B,\u00a0 9090 Melle, avec num\u00e9ro d\u2019entreprise BE0465216156. Dans la pr\u00e9sente Politique en mati\u00e8re de cookies, nous vous expliquons quelles informations nous pouvons collecter via notre site Internet gr\u00e2ce aux cookies et comment nous les utilisons pour [&hellip;]<\/p>\n","protected":false},"author":1,"featured_media":0,"parent":0,"menu_order":0,"comment_status":"closed","ping_status":"closed","template":"elementor_header_footer","meta":{"_acf_changed":false,"inline_featured_image":false,"_exactmetrics_skip_tracking":false,"_exactmetrics_sitenote_active":false,"_exactmetrics_sitenote_note":"","_exactmetrics_sitenote_category":0,"footnotes":""},"class_list":["post-1634","page","type-page","status-publish","hentry"],"acf":[],"yoast_head":"<!-- This site is optimized with the Yoast SEO plugin v27.0 - https:\/\/yoast.com\/product\/yoast-seo-wordpress\/ -->\n<title>Cookie policy - Faderi<\/title>\n<meta name=\"robots\" content=\"index, follow, max-snippet:-1, max-image-preview:large, max-video-preview:-1\" \/>\n<link rel=\"canonical\" href=\"https:\/\/faderi.be\/fr\/cookie-policy\/\" \/>\n<meta property=\"og:locale\" content=\"fr_FR\" \/>\n<meta property=\"og:type\" content=\"article\" \/>\n<meta property=\"og:title\" content=\"Cookie policy - Faderi\" \/>\n<meta property=\"og:description\" content=\"Cookie policy Derni\u00e8re mise \u00e0 jour le 22\/03\/2022. 1.\u00a0\u00a0\u00a0\u00a0 Bienvenue Nous sommes Faderi, une NV, \u00e9tablie \u00e0 Brusselsesteenweg 489 B,\u00a0 9090 Melle, avec num\u00e9ro d\u2019entreprise BE0465216156. Dans la pr\u00e9sente Politique en mati\u00e8re de cookies, nous vous expliquons quelles informations nous pouvons collecter via notre site Internet gr\u00e2ce aux cookies et comment nous les utilisons pour [&hellip;]\" \/>\n<meta property=\"og:url\" content=\"https:\/\/faderi.be\/fr\/cookie-policy\/\" \/>\n<meta property=\"og:site_name\" content=\"Faderi\" \/>\n<meta property=\"article:modified_time\" content=\"2022-03-22T13:30:19+00:00\" \/>\n<meta property=\"og:image\" content=\"https:\/\/faderi.be\/wp-content\/uploads\/2022\/02\/favi-faderi.png\" \/>\n<meta name=\"twitter:card\" content=\"summary_large_image\" \/>\n<meta name=\"twitter:label1\" content=\"Dur\u00e9e de lecture estim\u00e9e\" \/>\n\t<meta name=\"twitter:data1\" content=\"3 minutes\" \/>\n<script type=\"application\/ld+json\" class=\"yoast-schema-graph\">{\"@context\":\"https:\/\/schema.org\",\"@graph\":[{\"@type\":\"WebPage\",\"@id\":\"https:\/\/faderi.be\/fr\/cookie-policy\/\",\"url\":\"https:\/\/faderi.be\/fr\/cookie-policy\/\",\"name\":\"Cookie policy - Faderi\",\"isPartOf\":{\"@id\":\"https:\/\/faderi.be\/fr\/#website\"},\"primaryImageOfPage\":{\"@id\":\"https:\/\/faderi.be\/fr\/cookie-policy\/#primaryimage\"},\"image\":{\"@id\":\"https:\/\/faderi.be\/fr\/cookie-policy\/#primaryimage\"},\"thumbnailUrl\":\"https:\/\/faderi.be\/wp-content\/uploads\/2022\/02\/favi-faderi.png\",\"datePublished\":\"2022-03-22T12:58:53+00:00\",\"dateModified\":\"2022-03-22T13:30:19+00:00\",\"breadcrumb\":{\"@id\":\"https:\/\/faderi.be\/fr\/cookie-policy\/#breadcrumb\"},\"inLanguage\":\"fr-FR\",\"potentialAction\":[{\"@type\":\"ReadAction\",\"target\":[\"https:\/\/faderi.be\/fr\/cookie-policy\/\"]}]},{\"@type\":\"ImageObject\",\"inLanguage\":\"fr-FR\",\"@id\":\"https:\/\/faderi.be\/fr\/cookie-policy\/#primaryimage\",\"url\":\"https:\/\/faderi.be\/wp-content\/uploads\/2022\/02\/favi-faderi.png\",\"contentUrl\":\"https:\/\/faderi.be\/wp-content\/uploads\/2022\/02\/favi-faderi.png\"},{\"@type\":\"BreadcrumbList\",\"@id\":\"https:\/\/faderi.be\/fr\/cookie-policy\/#breadcrumb\",\"itemListElement\":[{\"@type\":\"ListItem\",\"position\":1,\"name\":\"Home\",\"item\":\"https:\/\/faderi.be\/fr\/\"},{\"@type\":\"ListItem\",\"position\":2,\"name\":\"Cookie policy\"}]},{\"@type\":\"WebSite\",\"@id\":\"https:\/\/faderi.be\/fr\/#website\",\"url\":\"https:\/\/faderi.be\/fr\/\",\"name\":\"Faderi\",\"description\":\"\",\"potentialAction\":[{\"@type\":\"SearchAction\",\"target\":{\"@type\":\"EntryPoint\",\"urlTemplate\":\"https:\/\/faderi.be\/fr\/?s={search_term_string}\"},\"query-input\":{\"@type\":\"PropertyValueSpecification\",\"valueRequired\":true,\"valueName\":\"search_term_string\"}}],\"inLanguage\":\"fr-FR\"}]}<\/script>\n<!-- \/ Yoast SEO plugin. -->","yoast_head_json":{"title":"Cookie policy - Faderi","robots":{"index":"index","follow":"follow","max-snippet":"max-snippet:-1","max-image-preview":"max-image-preview:large","max-video-preview":"max-video-preview:-1"},"canonical":"https:\/\/faderi.be\/fr\/cookie-policy\/","og_locale":"fr_FR","og_type":"article","og_title":"Cookie policy - Faderi","og_description":"Cookie policy Derni\u00e8re mise \u00e0 jour le 22\/03\/2022. 1.\u00a0\u00a0\u00a0\u00a0 Bienvenue Nous sommes Faderi, une NV, \u00e9tablie \u00e0 Brusselsesteenweg 489 B,\u00a0 9090 Melle, avec num\u00e9ro d\u2019entreprise BE0465216156. Dans la pr\u00e9sente Politique en mati\u00e8re de cookies, nous vous expliquons quelles informations nous pouvons collecter via notre site Internet gr\u00e2ce aux cookies et comment nous les utilisons pour [&hellip;]","og_url":"https:\/\/faderi.be\/fr\/cookie-policy\/","og_site_name":"Faderi","article_modified_time":"2022-03-22T13:30:19+00:00","og_image":[{"url":"https:\/\/faderi.be\/wp-content\/uploads\/2022\/02\/favi-faderi.png","type":"","width":"","height":""}],"twitter_card":"summary_large_image","twitter_misc":{"Dur\u00e9e de lecture estim\u00e9e":"3 minutes"},"schema":{"@context":"https:\/\/schema.org","@graph":[{"@type":"WebPage","@id":"https:\/\/faderi.be\/fr\/cookie-policy\/","url":"https:\/\/faderi.be\/fr\/cookie-policy\/","name":"Cookie policy - Faderi","isPartOf":{"@id":"https:\/\/faderi.be\/fr\/#website"},"primaryImageOfPage":{"@id":"https:\/\/faderi.be\/fr\/cookie-policy\/#primaryimage"},"image":{"@id":"https:\/\/faderi.be\/fr\/cookie-policy\/#primaryimage"},"thumbnailUrl":"https:\/\/faderi.be\/wp-content\/uploads\/2022\/02\/favi-faderi.png","datePublished":"2022-03-22T12:58:53+00:00","dateModified":"2022-03-22T13:30:19+00:00","breadcrumb":{"@id":"https:\/\/faderi.be\/fr\/cookie-policy\/#breadcrumb"},"inLanguage":"fr-FR","potentialAction":[{"@type":"ReadAction","target":["https:\/\/faderi.be\/fr\/cookie-policy\/"]}]},{"@type":"ImageObject","inLanguage":"fr-FR","@id":"https:\/\/faderi.be\/fr\/cookie-policy\/#primaryimage","url":"https:\/\/faderi.be\/wp-content\/uploads\/2022\/02\/favi-faderi.png","contentUrl":"https:\/\/faderi.be\/wp-content\/uploads\/2022\/02\/favi-faderi.png"},{"@type":"BreadcrumbList","@id":"https:\/\/faderi.be\/fr\/cookie-policy\/#breadcrumb","itemListElement":[{"@type":"ListItem","position":1,"name":"Home","item":"https:\/\/faderi.be\/fr\/"},{"@type":"ListItem","position":2,"name":"Cookie policy"}]},{"@type":"WebSite","@id":"https:\/\/faderi.be\/fr\/#website","url":"https:\/\/faderi.be\/fr\/","name":"Faderi","description":"","potentialAction":[{"@type":"SearchAction","target":{"@type":"EntryPoint","urlTemplate":"https:\/\/faderi.be\/fr\/?s={search_term_string}"},"query-input":{"@type":"PropertyValueSpecification","valueRequired":true,"valueName":"search_term_string"}}],"inLanguage":"fr-FR"}]}},"_links":{"self":[{"href":"https:\/\/faderi.be\/fr\/wp-json\/wp\/v2\/pages\/1634","targetHints":{"allow":["GET"]}}],"collection":[{"href":"https:\/\/faderi.be\/fr\/wp-json\/wp\/v2\/pages"}],"about":[{"href":"https:\/\/faderi.be\/fr\/wp-json\/wp\/v2\/types\/page"}],"author":[{"embeddable":true,"href":"https:\/\/faderi.be\/fr\/wp-json\/wp\/v2\/users\/1"}],"replies":[{"embeddable":true,"href":"https:\/\/faderi.be\/fr\/wp-json\/wp\/v2\/comments?post=1634"}],"version-history":[{"count":6,"href":"https:\/\/faderi.be\/fr\/wp-json\/wp\/v2\/pages\/1634\/revisions"}],"predecessor-version":[{"id":1645,"href":"https:\/\/faderi.be\/fr\/wp-json\/wp\/v2\/pages\/1634\/revisions\/1645"}],"wp:attachment":[{"href":"https:\/\/faderi.be\/fr\/wp-json\/wp\/v2\/media?parent=1634"}],"curies":[{"name":"wp","href":"https:\/\/api.w.org\/{rel}","templated":true}]}}